{"id":698,"date":"2021-08-20T08:42:21","date_gmt":"2021-08-20T08:42:21","guid":{"rendered":"https:\/\/bilinguesdumonde.com\/index.php\/produit\/single-prong-weeder\/"},"modified":"2024-07-17T11:38:42","modified_gmt":"2024-07-17T09:38:42","slug":"les-tetards-a-la-recherche-de-leur-maman","status":"publish","type":"product","link":"https:\/\/bilinguesdumonde.com\/index.php\/produit\/les-tetards-a-la-recherche-de-leur-maman\/","title":{"rendered":"Audio livre bilingue Fran\u00e7ais &#8211; Chinois \u00ab\u00a0Les t\u00e9tards \u00e0 la recherche de leur maman\u00a0\u00bb"},"content":{"rendered":"<p>Bilingues du Monde vous propose une histoire audio issue de la culture chinoise, lue en deux langues ( fran\u00e7ais et chinois) par des mamans natives, pour d\u00e9couvrir des nouveaux mondes et s&rsquo;ouvrir aux autres, \u00e0 \u00e9couter \u00e0 l&rsquo;infini!<\/p>\n<p>Un livret de coloriage, associ\u00e9 \u00e0 l&rsquo;histoire, est t\u00e9l\u00e9chargeable pour une impression selon les besoins de votre enfant.<\/p>\n<p>Il \u00e9tait une fois&#8230;<\/p>\n<p>&nbsp;<\/p>\n","protected":false},"excerpt":{"rendered":"[caption id=\"attachment_1581\" align=\"alignnone\" width=\"300\"]<img loading=\"lazy\" decoding=\"async\" class=\"size-medium wp-image-1581\" src=\"https:\/\/bilinguesdumonde.com\/wp-content\/uploads\/2024\/01\/7-15-grenouille-1-300x211.jpg\" alt=\"Les t\u00e9tards \u00e0 la recherche de leur maman\" width=\"300\" height=\"211\" srcset=\"https:\/\/bilinguesdumonde.com\/wp-content\/uploads\/2024\/01\/7-15-grenouille-1-300x211.jpg 300w, https:\/\/bilinguesdumonde.com\/wp-content\/uploads\/2024\/01\/7-15-grenouille-1-1024x721.jpg 1024w, https:\/\/bilinguesdumonde.com\/wp-content\/uploads\/2024\/01\/7-15-grenouille-1-768x541.jpg 768w, https:\/\/bilinguesdumonde.com\/wp-content\/uploads\/2024\/01\/7-15-grenouille-1-1536x1081.jpg 1536w, https:\/\/bilinguesdumonde.com\/wp-content\/uploads\/2024\/01\/7-15-grenouille-1-2048x1442.jpg 2048w, https:\/\/bilinguesdumonde.com\/wp-content\/uploads\/2024\/01\/7-15-grenouille-1-1320x929.jpg 1320w, https:\/\/bilinguesdumonde.com\/wp-content\/uploads\/2024\/01\/7-15-grenouille-1-600x422.jpg 600w\" sizes=\"auto, (max-width: 300px) 100vw, 300px\" \/> Audiolivre Bilingues du Monde<br \/>Franco-Chinois<br \/>Les t\u00e9tards \u00e0 la recherche de leur maman[\/caption]\n[audio m4a=\"https:\/\/bilinguesdumonde.com\/wp-content\/uploads\/2024\/05\/1-Les-tetards-debut.m4a\"][\/audio]\n<p>\u5bfb\u627e\u6bcd\u4eb2\u7684\u56db\u80a2\u52a8\u7269 \u00a0\u00ab\u00a0les t\u00eatards \u00e0 la recherche de leur maman<\/p>\n<p>\u6625\u5929\u6765\u4e86\uff0c\u6811\u53f6\u53d8\u7eff\u4e86\uff0c\u82b1\u513f\u4e5f\u5728\u7a7a\u6c14\u4e2d\u98d8\u9999\u4e86\u3002<\/p>\n<p>Le printemps arrive,\u00a0 les feuilles des arbres verdissent et les fleurs parfument l&rsquo;air.<\/p>\n<p>\u4eca\u5929\uff0c\u6cb3\u91cc\u8bde\u751f\u4e86\u51e0\u53ea\u874c\u86aa\u3002<\/p>\n<p>Aujourd&rsquo;hui plusieurs t\u00eatards sont n\u00e9s dans la rivi\u00e8re, mais Maman n&rsquo;est pas l\u00e0.<\/p>\n","protected":false},"featured_media":1605,"comment_status":"open","ping_status":"closed","template":"","meta":{"_uag_custom_page_level_css":"","site-sidebar-layout":"default","site-content-layout":"content-boxed-container","ast-site-content-layout":"normal-width-container","site-content-style":"boxed","site-sidebar-style":"unboxed","ast-global-header-display":"","ast-banner-title-visibility":"","ast-main-header-display":"","ast-hfb-above-header-display":"","ast-hfb-below-header-display":"","ast-hfb-mobile-header-display":"","site-post-title":"","ast-breadcrumbs-content":"","ast-featured-img":"","footer-sml-layout":"","theme-transparent-header-meta":"default","adv-header-id-meta":"","stick-header-meta":"","header-above-stick-meta":"","header-main-stick-meta":"","header-below-stick-meta":"","astra-migrate-meta-layouts":"set","ast-page-background-enabled":"default","ast-page-background-meta":{"desktop":{"background-color":"var(--ast-global-color-4)","background-image":"","background-repeat":"repeat","background-position":"center center","background-size":"auto","background-attachment":"scroll","background-type":"","background-media":"","overlay-type":"","overlay-color":"","overlay-opacity":"","overlay-gradient":""},"tablet":{"background-color":"","background-image":"","background-repeat":"repeat","background-position":"center center","background-size":"auto","background-attachment":"scroll","background-type":"","background-media":"","overlay-type":"","overlay-color":"","overlay-opacity":"","overlay-gradient":""},"mobile":{"background-color":"","background-image":"","background-repeat":"repeat","background-position":"center center","background-size":"auto","background-attachment":"scroll","background-type":"","background-media":"","overlay-type":"","overlay-color":"","overlay-opacity":"","overlay-gradient":""}},"ast-content-background-meta":{"desktop":{"background-color":"var(--ast-global-color-5)","background-image":"","background-repeat":"repeat","background-position":"center center","background-size":"auto","background-attachment":"scroll","background-type":"","background-media":"","overlay-type":"","overlay-color":"","overlay-opacity":"","overlay-gradient":""},"tablet":{"background-color":"var(--ast-global-color-5)","background-image":"","background-repeat":"repeat","background-position":"center center","background-size":"auto","background-attachment":"scroll","background-type":"","background-media":"","overlay-type":"","overlay-color":"","overlay-opacity":"","overlay-gradient":""},"mobile":{"background-color":"var(--ast-global-color-5)","background-image":"","background-repeat":"repeat","background-position":"center center","background-size":"auto","background-attachment":"scroll","background-type":"","background-media":"","overlay-type":"","overlay-color":"","overlay-opacity":"","overlay-gradient":""}}},"product_brand":[],"product_cat":[97],"product_tag":[],"class_list":{"0":"post-698","1":"product","2":"type-product","3":"status-publish","4":"has-post-thumbnail","6":"product_cat-audiolivre-franco-chinois","7":"desktop-align-center","8":"tablet-align-left","9":"mobile-align-left","11":"first","12":"instock","13":"downloadable","14":"taxable","15":"shipping-taxable","16":"purchasable","17":"product-type-simple"},"uagb_featured_image_src":{"full":["https:\/\/bilinguesdumonde.com\/wp-content\/uploads\/2021\/08\/yannd__an_illustration_of_a_lake_with_tadpoles_and_a_frog.png",1024,1024,false],"thumbnail":["https:\/\/bilinguesdumonde.com\/wp-content\/uploads\/2021\/08\/yannd__an_illustration_of_a_lake_with_tadpoles_and_a_frog-150x150.png",150,150,true],"medium":["https:\/\/bilinguesdumonde.com\/wp-content\/uploads\/2021\/08\/yannd__an_illustration_of_a_lake_with_tadpoles_and_a_frog-300x300.png",300,300,true],"medium_large":["https:\/\/bilinguesdumonde.com\/wp-content\/uploads\/2021\/08\/yannd__an_illustration_of_a_lake_with_tadpoles_and_a_frog-768x768.png",768,768,true],"large":["https:\/\/bilinguesdumonde.com\/wp-content\/uploads\/2021\/08\/yannd__an_illustration_of_a_lake_with_tadpoles_and_a_frog.png",1024,1024,false],"1536x1536":["https:\/\/bilinguesdumonde.com\/wp-content\/uploads\/2021\/08\/yannd__an_illustration_of_a_lake_with_tadpoles_and_a_frog.png",1024,1024,false],"2048x2048":["https:\/\/bilinguesdumonde.com\/wp-content\/uploads\/2021\/08\/yannd__an_illustration_of_a_lake_with_tadpoles_and_a_frog.png",1024,1024,false],"woocommerce_thumbnail":["https:\/\/bilinguesdumonde.com\/wp-content\/uploads\/2021\/08\/yannd__an_illustration_of_a_lake_with_tadpoles_and_a_frog-300x300.png",300,300,true],"woocommerce_single":["https:\/\/bilinguesdumonde.com\/wp-content\/uploads\/2021\/08\/yannd__an_illustration_of_a_lake_with_tadpoles_and_a_frog-600x600.png",600,600,true],"woocommerce_gallery_thumbnail":["https:\/\/bilinguesdumonde.com\/wp-content\/uploads\/2021\/08\/yannd__an_illustration_of_a_lake_with_tadpoles_and_a_frog-100x100.png",100,100,true]},"uagb_author_info":{"display_name":"Audrey","author_link":"https:\/\/bilinguesdumonde.com\/index.php\/author\/"},"uagb_comment_info":1,"uagb_excerpt":"[caption id=\"attachment_1581\" align=\"alignnone\" width=\"300\"] Audiolivre Bilingues du MondeFranco-ChinoisLes t\u00e9tards \u00e0 la recherche de leur maman[\/caption] [audio m4a=\"http:\/\/bilinguesdumonde.com\/wp-content\/uploads\/2024\/05\/1-Les-tetards-debut.m4a\"][\/audio] \u5bfb\u627e\u6bcd\u4eb2\u7684\u56db\u80a2\u52a8\u7269 \u00a0\"les t\u00eatards \u00e0 la recherche de leur maman \u6625\u5929\u6765\u4e86\uff0c\u6811\u53f6\u53d8\u7eff\u4e86\uff0c\u82b1\u513f\u4e5f\u5728\u7a7a\u6c14\u4e2d\u98d8\u9999\u4e86\u3002 Le printemps arrive,\u00a0 les feuilles des arbres verdissent et les fleurs parfument l'air. \u4eca\u5929\uff0c\u6cb3\u91cc\u8bde\u751f\u4e86\u51e0\u53ea\u874c\u86aa\u3002 Aujourd'hui plusieurs t\u00eatards sont n\u00e9s dans la rivi\u00e8re, mais Maman n'est pas l\u00e0.","_links":{"self":[{"href":"https:\/\/bilinguesdumonde.com\/index.php\/wp-json\/wp\/v2\/product\/698","targetHints":{"allow":["GET"]}}],"collection":[{"href":"https:\/\/bilinguesdumonde.com\/index.php\/wp-json\/wp\/v2\/product"}],"about":[{"href":"https:\/\/bilinguesdumonde.com\/index.php\/wp-json\/wp\/v2\/types\/product"}],"replies":[{"embeddable":true,"href":"https:\/\/bilinguesdumonde.com\/index.php\/wp-json\/wp\/v2\/comments?post=698"}],"wp:featuredmedia":[{"embeddable":true,"href":"https:\/\/bilinguesdumonde.com\/index.php\/wp-json\/wp\/v2\/media\/1605"}],"wp:attachment":[{"href":"https:\/\/bilinguesdumonde.com\/index.php\/wp-json\/wp\/v2\/media?parent=698"}],"wp:term":[{"taxonomy":"product_brand","embeddable":true,"href":"https:\/\/bilinguesdumonde.com\/index.php\/wp-json\/wp\/v2\/product_brand?post=698"},{"taxonomy":"product_cat","embeddable":true,"href":"https:\/\/bilinguesdumonde.com\/index.php\/wp-json\/wp\/v2\/product_cat?post=698"},{"taxonomy":"product_tag","embeddable":true,"href":"https:\/\/bilinguesdumonde.com\/index.php\/wp-json\/wp\/v2\/product_tag?post=698"}],"curies":[{"name":"wp","href":"https:\/\/api.w.org\/{rel}","templated":true}]}}