{"id":1526,"date":"2023-10-01T11:53:41","date_gmt":"2023-10-01T09:53:41","guid":{"rendered":"https:\/\/bilinguesdumonde.com\/?post_type=product&#038;p=1526"},"modified":"2025-06-13T13:46:24","modified_gmt":"2025-06-13T11:46:24","slug":"audio-livre-bilingue-francais-chinois_-le-poulain-et-la-riviere","status":"publish","type":"product","link":"https:\/\/bilinguesdumonde.com\/index.php\/produit\/audio-livre-bilingue-francais-chinois_-le-poulain-et-la-riviere\/","title":{"rendered":"Audio livre bilingue Fran\u00e7ais &#8211; Chinois  \u00ab\u00a0Le poulain et la rivi\u00e8re\u00a0\u00bb"},"content":{"rendered":"<p><a href=\"https:\/\/bilinguesdumonde.com\/wp-content\/uploads\/2023\/10\/Lepoulain-5.pdf\">Le poulain et la rivi\u00e8re<\/a><\/p>\n<p>Bilingues du Monde vous propose une histoire audio issue de la culture chinoise, lue en deux langues ( fran\u00e7ais et chinois) par des mamans natives, pour d\u00e9couvrir des nouveaux mondes et s&rsquo;ouvrir aux autres, \u00e0 \u00e9couter \u00e0 l&rsquo;infini!<\/p>\n<p>Un livret de coloriage, associ\u00e9 \u00e0 l&rsquo;histoire, est t\u00e9l\u00e9chargeable pour une impression selon les besoins de votre enfant.<\/p>\n<p>Il \u00e9tait une fois&#8230;<\/p>\n","protected":false},"excerpt":{"rendered":"<p><a href=\"https:\/\/bilinguesdumonde.com\/wp-content\/uploads\/2023\/10\/Lepoulain-5.pdf\">Le poulain et la rivi\u00e8re<\/a><\/p>\n<p>Une nouvelle aventure, sans maman, \u00e7a peut faire peur, mais quand on grandit, on est curieux et on tente de nouvelles exp\u00e9riences ! Ecoute l&rsquo;histoire du Poulain et de la rivi\u00e8re, donne lui vie gr\u00e2ce \u00e0 tes coloriages, r\u00eave, apprend du vocabulaire dans deux langues!<\/p>\n","protected":false},"featured_media":1604,"comment_status":"open","ping_status":"closed","template":"","meta":{"_uag_custom_page_level_css":"","site-sidebar-layout":"default","site-content-layout":"","ast-site-content-layout":"default","site-content-style":"default","site-sidebar-style":"default","ast-global-header-display":"","ast-banner-title-visibility":"","ast-main-header-display":"","ast-hfb-above-header-display":"","ast-hfb-below-header-display":"","ast-hfb-mobile-header-display":"","site-post-title":"","ast-breadcrumbs-content":"disabled","ast-featured-img":"","footer-sml-layout":"","theme-transparent-header-meta":"default","adv-header-id-meta":"","stick-header-meta":"","header-above-stick-meta":"","header-main-stick-meta":"","header-below-stick-meta":"","astra-migrate-meta-layouts":"set","ast-page-background-enabled":"default","ast-page-background-meta":{"desktop":{"background-color":"var(--ast-global-color-4)","background-image":"","background-repeat":"repeat","background-position":"center center","background-size":"auto","background-attachment":"scroll","background-type":"","background-media":"","overlay-type":"","overlay-color":"","overlay-opacity":"","overlay-gradient":""},"tablet":{"background-color":"","background-image":"","background-repeat":"repeat","background-position":"center center","background-size":"auto","background-attachment":"scroll","background-type":"","background-media":"","overlay-type":"","overlay-color":"","overlay-opacity":"","overlay-gradient":""},"mobile":{"background-color":"","background-image":"","background-repeat":"repeat","background-position":"center center","background-size":"auto","background-attachment":"scroll","background-type":"","background-media":"","overlay-type":"","overlay-color":"","overlay-opacity":"","overlay-gradient":""}},"ast-content-background-meta":{"desktop":{"background-color":"var(--ast-global-color-5)","background-image":"","background-repeat":"repeat","background-position":"center center","background-size":"auto","background-attachment":"scroll","background-type":"","background-media":"","overlay-type":"","overlay-color":"","overlay-opacity":"","overlay-gradient":""},"tablet":{"background-color":"var(--ast-global-color-5)","background-image":"","background-repeat":"repeat","background-position":"center center","background-size":"auto","background-attachment":"scroll","background-type":"","background-media":"","overlay-type":"","overlay-color":"","overlay-opacity":"","overlay-gradient":""},"mobile":{"background-color":"var(--ast-global-color-5)","background-image":"","background-repeat":"repeat","background-position":"center center","background-size":"auto","background-attachment":"scroll","background-type":"","background-media":"","overlay-type":"","overlay-color":"","overlay-opacity":"","overlay-gradient":""}}},"product_brand":[],"product_cat":[68],"product_tag":[],"class_list":{"0":"post-1526","1":"product","2":"type-product","3":"status-publish","4":"has-post-thumbnail","6":"product_cat-francais-chinois","7":"desktop-align-center","8":"tablet-align-left","9":"mobile-align-left","11":"first","12":"instock","13":"downloadable","14":"virtual","15":"taxable","16":"purchasable","17":"product-type-simple"},"uagb_featured_image_src":{"full":["https:\/\/bilinguesdumonde.com\/wp-content\/uploads\/2023\/10\/a_river_and_a_foal.png",1024,1024,false],"thumbnail":["https:\/\/bilinguesdumonde.com\/wp-content\/uploads\/2023\/10\/a_river_and_a_foal-150x150.png",150,150,true],"medium":["https:\/\/bilinguesdumonde.com\/wp-content\/uploads\/2023\/10\/a_river_and_a_foal-300x300.png",300,300,true],"medium_large":["https:\/\/bilinguesdumonde.com\/wp-content\/uploads\/2023\/10\/a_river_and_a_foal-768x768.png",768,768,true],"large":["https:\/\/bilinguesdumonde.com\/wp-content\/uploads\/2023\/10\/a_river_and_a_foal.png",1024,1024,false],"1536x1536":["https:\/\/bilinguesdumonde.com\/wp-content\/uploads\/2023\/10\/a_river_and_a_foal.png",1024,1024,false],"2048x2048":["https:\/\/bilinguesdumonde.com\/wp-content\/uploads\/2023\/10\/a_river_and_a_foal.png",1024,1024,false],"woocommerce_thumbnail":["https:\/\/bilinguesdumonde.com\/wp-content\/uploads\/2023\/10\/a_river_and_a_foal-300x300.png",300,300,true],"woocommerce_single":["https:\/\/bilinguesdumonde.com\/wp-content\/uploads\/2023\/10\/a_river_and_a_foal-600x600.png",600,600,true],"woocommerce_gallery_thumbnail":["https:\/\/bilinguesdumonde.com\/wp-content\/uploads\/2023\/10\/a_river_and_a_foal-100x100.png",100,100,true]},"uagb_author_info":{"display_name":"Audrey","author_link":"https:\/\/bilinguesdumonde.com\/index.php\/author\/"},"uagb_comment_info":9,"uagb_excerpt":"Le poulain et la rivi\u00e8re Une nouvelle aventure, sans maman, \u00e7a peut faire peur, mais quand on grandit, on est curieux et on tente de nouvelles exp\u00e9riences ! Ecoute l'histoire du Poulain et de la rivi\u00e8re, donne lui vie gr\u00e2ce \u00e0 tes coloriages, r\u00eave, apprend du vocabulaire dans deux langues!","_links":{"self":[{"href":"https:\/\/bilinguesdumonde.com\/index.php\/wp-json\/wp\/v2\/product\/1526","targetHints":{"allow":["GET"]}}],"collection":[{"href":"https:\/\/bilinguesdumonde.com\/index.php\/wp-json\/wp\/v2\/product"}],"about":[{"href":"https:\/\/bilinguesdumonde.com\/index.php\/wp-json\/wp\/v2\/types\/product"}],"replies":[{"embeddable":true,"href":"https:\/\/bilinguesdumonde.com\/index.php\/wp-json\/wp\/v2\/comments?post=1526"}],"wp:featuredmedia":[{"embeddable":true,"href":"https:\/\/bilinguesdumonde.com\/index.php\/wp-json\/wp\/v2\/media\/1604"}],"wp:attachment":[{"href":"https:\/\/bilinguesdumonde.com\/index.php\/wp-json\/wp\/v2\/media?parent=1526"}],"wp:term":[{"taxonomy":"product_brand","embeddable":true,"href":"https:\/\/bilinguesdumonde.com\/index.php\/wp-json\/wp\/v2\/product_brand?post=1526"},{"taxonomy":"product_cat","embeddable":true,"href":"https:\/\/bilinguesdumonde.com\/index.php\/wp-json\/wp\/v2\/product_cat?post=1526"},{"taxonomy":"product_tag","embeddable":true,"href":"https:\/\/bilinguesdumonde.com\/index.php\/wp-json\/wp\/v2\/product_tag?post=1526"}],"curies":[{"name":"wp","href":"https:\/\/api.w.org\/{rel}","templated":true}]}}