{"id":1008,"date":"2021-10-08T06:11:09","date_gmt":"2021-10-08T06:11:09","guid":{"rendered":"https:\/\/bilinguesdumonde.com\/index.php\/home\/"},"modified":"2023-10-05T14:43:39","modified_gmt":"2023-10-05T12:43:39","slug":"home","status":"publish","type":"page","link":"https:\/\/bilinguesdumonde.com\/","title":{"rendered":"Accueil"},"content":{"rendered":"\n<div class=\"wp-block-uagb-container uagb-block-0853bbbc alignfull uagb-is-root-container\"><div class=\"uagb-container__video-wrap\"><video autoplay loop muted playsinline><source src=\"https:\/\/bilinguesdumonde.com\/wp-content\/uploads\/2023\/09\/Enfants.mp4\" type=\"video\/mp4\"\/><\/video><\/div><div class=\"uagb-container-inner-blocks-wrap\">\n<div class=\"wp-block-uagb-info-box uagb-block-80f427ef uagb-infobox__content-wrap  uagb-infobox-icon-above-title uagb-infobox-image-valign-top\"><div class=\"uagb-ifb-content\"><div class=\"uagb-ifb-title-wrap\"><span class=\"uagb-ifb-title-prefix\">D\u00e9couvrez nos audio livres bilingues \u00e0 colorier<gwmw style=\"display:none;\"><\/gwmw><\/span><h1 class=\"uagb-ifb-title\">L&rsquo;apprentissage des langues est<br>un jeu d&rsquo;enfant !<\/h1><\/div><div class=\"uagb-ifb-button-wrapper wp-block-button\"><a href=\"https:\/\/bilinguesdumonde.com\/index.php\/shop\/\" class=\"uagb-infobox-cta-link wp-block-button__link\" target=\"_self\" rel=\"noopener noreferrer\" onclick=\"return true;\" alt=\"\"><span class=\"uagb-inline-editing\">D\u00e9couvrir<\/span><\/a><\/div><\/div><\/div>\n<\/div><\/div>\n\n\n\n<h2 class=\"wp-block-heading has-black-color has-text-color\" style=\"margin-top:var(--wp--preset--spacing--60);margin-bottom:var(--wp--preset--spacing--20)\">D\u00e9couvrez nos derniers articles<\/h2>\n\n\n<ul style=\"padding-top:0;padding-bottom:0;padding-left:var(--wp--preset--spacing--50);padding-right:var(--wp--preset--spacing--50);margin-top:var(--wp--preset--spacing--50);margin-bottom:var(--wp--preset--spacing--80);\" class=\"wp-block-latest-posts__list has-link-color wp-elements-7e4407405dc96c537edbd9fba51fd785 wp-block-latest-posts\"><li><a class=\"wp-block-latest-posts__post-title\" href=\"https:\/\/bilinguesdumonde.com\/index.php\/2024\/07\/17\/8-bonnes-raisons-decouter-des-histoires\/\">8 bonnes raisons d&rsquo;\u00e9couter des histoires<\/a><div class=\"wp-block-latest-posts__post-excerpt\">L&rsquo;\u00e9coute d&rsquo;une histoire est une exp\u00e9rience captivante et enrichissante qui offre de nombreux b\u00e9n\u00e9fices aux enfants. Au-del\u00e0 du simple divertissement, cette pratique favorise leur d\u00e9veloppement cognitif, \u00e9motionnel et social. Voici les 8 principaux b\u00e9n\u00e9fices de l&rsquo;\u00e9coute d&rsquo;une histoire, qui ne manqueront pas d&rsquo;enchanter les parents tant l&rsquo; impact est positif sur les enfants. 1. L&rsquo;\u00e9veil de l&rsquo;imagination et de la cr\u00e9ativit\u00e9 L&rsquo;\u00e9coute d&rsquo;une histoire\u2026 <a class=\"wp-block-latest-posts__read-more\" href=\"https:\/\/bilinguesdumonde.com\/index.php\/2024\/07\/17\/8-bonnes-raisons-decouter-des-histoires\/\" rel=\"noopener noreferrer\">Lire la suite<span class=\"screen-reader-text\">\u00a0: 8 bonnes raisons d&rsquo;\u00e9couter des histoires<\/span><\/a><\/div><\/li>\n<li><a class=\"wp-block-latest-posts__post-title\" href=\"https:\/\/bilinguesdumonde.com\/index.php\/2023\/11\/04\/la-confiance-en-soi-limpact-de-lapprentissage-precoce-dune-langue-sur-lestime-de-soi\/\">La confiance en soi : L&rsquo;impact de l&rsquo;apprentissage pr\u00e9coce d&rsquo;une langue sur l&rsquo;estime de soi<\/a><div class=\"wp-block-latest-posts__post-excerpt\">L&rsquo;apprentissage d&rsquo;une langue \u00e9trang\u00e8re d\u00e8s le plus jeune \u00e2ge est bien plus qu&rsquo;une simple acquisition de comp\u00e9tences linguistiques. Cela a un impact profond sur la confiance en soi des enfants et sur leur estime de soi. Dans cet article, nous explorons le quatri\u00e8me avantage cl\u00e9 de l&rsquo;apprentissage pr\u00e9coce d&rsquo;une langue par l&rsquo;\u00e9coute : la confiance en soi. D\u00e9couvrez comment cette exp\u00e9rience linguistique pr\u00e9coce renforce\u2026 <a class=\"wp-block-latest-posts__read-more\" href=\"https:\/\/bilinguesdumonde.com\/index.php\/2023\/11\/04\/la-confiance-en-soi-limpact-de-lapprentissage-precoce-dune-langue-sur-lestime-de-soi\/\" rel=\"noopener noreferrer\">Lire la suite<span class=\"screen-reader-text\">\u00a0: La confiance en soi : L&rsquo;impact de l&rsquo;apprentissage pr\u00e9coce d&rsquo;une langue sur l&rsquo;estime de soi<\/span><\/a><\/div><\/li>\n<\/ul>\n\n\n<div class=\"wp-block-uagb-container uagb-block-5be10308 alignfull uagb-is-root-container\"><div class=\"uagb-container-inner-blocks-wrap\">\n<div class=\"wp-block-uagb-advanced-heading uagb-block-af5d9df1\"><h2 class=\"uagb-heading-text\">Ce que nos clients pensent de nos livres<\/h2><div class=\"uagb-separator\"><\/div><\/div>\n\n\n\n<div class=\"wp-block-uagb-container uagb-block-b81ecab3\">\n<div class=\"wp-block-uagb-icon-list uagb-block-6028762f\"><div class=\"uagb-icon-list__wrap\">\n<div class=\"wp-block-uagb-icon-list-child uagb-block-ada04cef\"><span class=\"uagb-icon-list__source-wrap\"><svg xmlns=\"https:\/\/www.w3.org\/2000\/svg\" viewBox=\"0 0 448 512\"><path d=\"M96 224C84.72 224 74.05 226.3 64 229.9V224c0-35.3 28.7-64 64-64c17.67 0 32-14.33 32-32S145.7 96 128 96C57.42 96 0 153.4 0 224v96c0 53.02 42.98 96 96 96s96-42.98 96-96S149 224 96 224zM352 224c-11.28 0-21.95 2.305-32 5.879V224c0-35.3 28.7-64 64-64c17.67 0 32-14.33 32-32s-14.33-32-32-32c-70.58 0-128 57.42-128 128v96c0 53.02 42.98 96 96 96s96-42.98 96-96S405 224 352 224z\"><\/path><\/svg><\/span><span class=\"uagb-icon-list__label\"> Incroyable, \u00e7a a fonctionn\u00e9 !<\/span><\/div>\n<\/div><\/div>\n\n\n\n<div class=\"wp-block-uagb-icon-list uagb-block-f819e61e uag-hide-tab uag-hide-mob\"><div class=\"uagb-icon-list__wrap\">\n<div class=\"wp-block-uagb-icon-list-child uagb-block-cddcc044\"><span class=\"uagb-icon-list__source-wrap\"><svg xmlns=\"https:\/\/www.w3.org\/2000\/svg\" viewBox=\"0 0 448 512\"><path d=\"M96 224C84.72 224 74.05 226.3 64 229.9V224c0-35.3 28.7-64 64-64c17.67 0 32-14.33 32-32S145.7 96 128 96C57.42 96 0 153.4 0 224v96c0 53.02 42.98 96 96 96s96-42.98 96-96S149 224 96 224zM352 224c-11.28 0-21.95 2.305-32 5.879V224c0-35.3 28.7-64 64-64c17.67 0 32-14.33 32-32s-14.33-32-32-32c-70.58 0-128 57.42-128 128v96c0 53.02 42.98 96 96 96s96-42.98 96-96S405 224 352 224z\"><\/path><\/svg><\/span><span class=\"uagb-icon-list__label\"> Mon enfant est ravi<\/span><\/div>\n<\/div><\/div>\n\n\n\n<div class=\"wp-block-uagb-icon-list uagb-block-31cfecde uag-hide-mob\"><div class=\"uagb-icon-list__wrap\">\n<div class=\"wp-block-uagb-icon-list-child uagb-block-c0d5ed1e\"><span class=\"uagb-icon-list__source-wrap\"><svg xmlns=\"https:\/\/www.w3.org\/2000\/svg\" viewBox=\"0 0 448 512\"><path d=\"M96 224C84.72 224 74.05 226.3 64 229.9V224c0-35.3 28.7-64 64-64c17.67 0 32-14.33 32-32S145.7 96 128 96C57.42 96 0 153.4 0 224v96c0 53.02 42.98 96 96 96s96-42.98 96-96S149 224 96 224zM352 224c-11.28 0-21.95 2.305-32 5.879V224c0-35.3 28.7-64 64-64c17.67 0 32-14.33 32-32s-14.33-32-32-32c-70.58 0-128 57.42-128 128v96c0 53.02 42.98 96 96 96s96-42.98 96-96S405 224 352 224z\"><\/path><\/svg><\/span><span class=\"uagb-icon-list__label\"> Simplicit\u00e9 et efficacit\u00e9<\/span><\/div>\n<\/div><\/div>\n<\/div>\n\n\n\n<div class=\"wp-block-uagb-testimonial uagb-slick-carousel uagb-tm__arrow-outside uagb-block-75a365eb uagb-post__carousel_notset\"><div class=\"is-carousel uagb-tm__columns-3 uagb-tm__items\"><div class=\"uagb-testimonial__wrap  uagb-tm__imgicon-style-circle uagb-tm__image-position-bottom uagb-tm__bg-type-none \"><div class=\"uagb-tm__content\"><div class=\"uagb-tm__overlay\"><\/div><div class=\"uagb-tm__text-wrap\"><div class=\"uagb-tm__desc\">Nous vivons \u00e0 l&rsquo;\u00e9tranger, j&rsquo;avais peur qu&rsquo;il oublie sa langue natale, ses origines. En quelques mois, j&rsquo;ai vu mon fils s&rsquo;approprier la langue, les formulations, le vocabulaire, il parle avec plaisir!<br><br><\/div><div class=\"uagb-tm__meta-inner\"><div class=\"uagb-tm__image-content\"><div class=\"uagb-tm__image\"><img decoding=\"async\" class=\"uagb-tm-img-src\" src=\"https:\/\/bilinguesdumonde.com\/wp-content\/uploads\/2021\/08\/plants-store-testimonial-avatar-img.jpg\" alt=\"\" width=\"40\" height=\"40\" loading=\"lazy\"\/><\/div><\/div><div class=\"uagb-testimonial-details\"><span class=\"uagb-tm__author-name\">Jennifer Lewis<\/span><span class=\"uagb-tm__company\">Maman franco britannique <br>de Lucas 5ans<\/span><\/div><\/div><\/div><\/div><\/div><div class=\"uagb-testimonial__wrap  uagb-tm__imgicon-style-circle uagb-tm__image-position-bottom uagb-tm__bg-type-none \"><div class=\"uagb-tm__content\"><div class=\"uagb-tm__overlay\"><\/div><div class=\"uagb-tm__text-wrap\"><div class=\"uagb-tm__desc\">je ne suis pas professeure, comment apprendre ma langue \u00e0 mon fils? Avec les audios livres \u00e0 colorier, il s&rsquo;amuse, et d\u00e9velloppe l&rsquo;\u00e9coute et la compr\u00e9hension, il adore ces petits moments de calme et progresse chaque jour<\/div><div class=\"uagb-tm__meta-inner\"><div class=\"uagb-tm__image-content\"><div class=\"uagb-tm__image\"><img decoding=\"async\" class=\"uagb-tm-img-src\" src=\"https:\/\/bilinguesdumonde.com\/wp-content\/uploads\/2021\/08\/plants-store-testimonials-avatar-img-2.jpg\" alt=\"\" width=\"40\" height=\"40\" loading=\"lazy\"\/><\/div><\/div><div class=\"uagb-testimonial-details\"><span class=\"uagb-tm__author-name\">Maya kieffer<\/span><span class=\"uagb-tm__company\">Franco espagnol<br>Maman de No\u00e9,  6 ans<\/span><\/div><\/div><\/div><\/div><\/div><div class=\"uagb-testimonial__wrap  uagb-tm__imgicon-style-circle uagb-tm__image-position-bottom uagb-tm__bg-type-none \"><div class=\"uagb-tm__content\"><div class=\"uagb-tm__overlay\"><\/div><div class=\"uagb-tm__text-wrap\"><div class=\"uagb-tm__desc\">Le site est s\u00e9curis\u00e9, les audio livres lus par des natifs, le vocabulaire est adapt\u00e9, j&rsquo;ai trouv\u00e9 la formule parfaite pour ma fille qui s&rsquo;ouvre au monde et d\u00e9couvre la culture et la langue de sa m\u00e8re d&rsquo;origine chinoise.<br><br><\/div><div class=\"uagb-tm__meta-inner\"><div class=\"uagb-tm__image-content\"><div class=\"uagb-tm__image\"><img decoding=\"async\" class=\"uagb-tm-img-src\" src=\"https:\/\/bilinguesdumonde.com\/wp-content\/uploads\/2021\/08\/plants-store-testimonials-avatar-img-1.jpg\" alt=\"\" width=\"40\" height=\"40\" loading=\"lazy\"\/><\/div><\/div><div class=\"uagb-testimonial-details\"><span class=\"uagb-tm__author-name\">francois ceccaldi<\/span><span class=\"uagb-tm__company\">Papa de Mary Mei, 3 ans et demi<\/span><\/div><\/div><\/div><\/div><\/div><\/div><\/div>\n<\/div><\/div>\n\n\n\n<div class=\"wp-block-uagb-container uagb-block-0d75ef3a alignfull uagb-is-root-container\"><div class=\"uagb-container-inner-blocks-wrap\">\n<div class=\"wp-block-uagb-info-box uagb-block-32b85e80 uagb-infobox__content-wrap  uagb-infobox-icon-above-title uagb-infobox-image-valign-top\"><div class=\"uagb-ifb-content\"><div class=\"uagb-ifb-title-wrap\"><span class=\"uagb-ifb-title-prefix\">Id\u00e9e cadeau<\/span><h2 class=\"uagb-ifb-title\">D\u00e9couvrez nos offres d&rsquo;abonnements<\/h2><\/div><p class=\"uagb-ifb-desc\">Un cadeau utile et pr\u00e9cieux pour l&rsquo;avenir d&rsquo;un enfant.<\/p><div class=\"uagb-ifb-button-wrapper wp-block-button\"><a href=\"#\" class=\"uagb-infobox-cta-link wp-block-button__link\" target=\"_self\" rel=\"noopener noreferrer\" onclick=\"return false;\" alt=\"\"><span class=\"uagb-inline-editing\">Acheter une carte cadeau<\/span><\/a><\/div><\/div><\/div>\n<\/div><\/div>\n\n\n\n<div class=\"wp-block-uagb-container uagb-block-aa5ede74 alignfull uagb-is-root-container\"><div class=\"uagb-container-inner-blocks-wrap\">\n<div class=\"wp-block-uagb-container uagb-block-dfa84332\">\n<div class=\"wp-block-uagb-info-box uagb-block-553f2ea7 uagb-infobox__content-wrap  uagb-infobox-icon-left uagb-infobox-left uagb-infobox-stacked-mobile uagb-infobox-image-valign-top\"><div class=\"uagb-ifb-icon-wrap\"><div class=\"uagb-iconbox-icon-wrap uagb-infobox-shape-circle\"><svg xmlns=\"https:\/\/www.w3.org\/2000\/svg\" viewBox=\"0 0 448 512\"><path d=\"M80 192V144C80 64.47 144.5 0 224 0C303.5 0 368 64.47 368 144V192H384C419.3 192 448 220.7 448 256V448C448 483.3 419.3 512 384 512H64C28.65 512 0 483.3 0 448V256C0 220.7 28.65 192 64 192H80zM144 192H304V144C304 99.82 268.2 64 224 64C179.8 64 144 99.82 144 144V192z\"><\/path><\/svg><\/div><\/div><div class=\"uagb-ifb-content\"><div class=\"uagb-ifb-title-wrap\"><h6 class=\"uagb-ifb-title\">Paiement s\u00e9curis\u00e9<\/h6><\/div><p class=\"uagb-ifb-desc\">Directement avec Paypal ou par carte bancaire<br><br><\/p><\/div><\/div>\n<\/div>\n\n\n\n<div class=\"wp-block-uagb-container uagb-block-cbef7c2a\">\n<div class=\"wp-block-uagb-info-box uagb-block-2e5e0380 uagb-infobox__content-wrap  uagb-infobox-icon-left uagb-infobox-left uagb-infobox-stacked-mobile uagb-infobox-image-valign-top\"><div class=\"uagb-ifb-icon-wrap\"><div class=\"uagb-iconbox-icon-wrap uagb-infobox-shape-circle\"><svg xmlns=\"https:\/\/www.w3.org\/2000\/svg\" viewBox=\"0 0 448 512\"><path d=\"M50.73 58.53C58.86 42.27 75.48 32 93.67 32H208V160H0L50.73 58.53zM240 160V32H354.3C372.5 32 389.1 42.27 397.3 58.53L448 160H240zM448 416C448 451.3 419.3 480 384 480H64C28.65 480 0 451.3 0 416V192H448V416z\"><\/path><\/svg><\/div><\/div><div class=\"uagb-ifb-content\"><div class=\"uagb-ifb-title-wrap\"><h6 class=\"uagb-ifb-title\">Livraison instantan\u00e9e<\/h6><\/div><p class=\"uagb-ifb-desc\">Partout sur la plan\u00e8te, activez votre compte et toute votre  biblioth\u00e8que est accessible depuis partout, 24h\/24<br><\/p><\/div><\/div>\n<\/div>\n\n\n\n<div class=\"wp-block-uagb-container uagb-block-543ac11d\">\n<div class=\"wp-block-uagb-info-box uagb-block-738e8b14 uagb-infobox__content-wrap  uagb-infobox-icon-left uagb-infobox-left uagb-infobox-stacked-mobile uagb-infobox-image-valign-top\"><div class=\"uagb-ifb-icon-wrap\"><div class=\"uagb-iconbox-icon-wrap uagb-infobox-shape-circle\"><svg xmlns=\"https:\/\/www.w3.org\/2000\/svg\" viewBox=\"0 0 576 512\"><path d=\"M275.2 250.5c7 7.375 18.5 7.375 25.5 0l108.1-114.2c31.5-33.12 29.72-88.1-5.65-118.7c-30.88-26.75-76.75-21.9-104.9 7.724L287.1 36.91L276.8 25.28C248.7-4.345 202.7-9.194 171.1 17.56C136.7 48.18 134.7 103.2 166.4 136.3L275.2 250.5zM568.2 336.3c-13.12-17.81-38.14-21.66-55.93-8.469l-119.7 88.17h-120.6c-8.748 0-15.1-7.25-15.1-15.1c0-8.746 7.25-15.1 15.1-15.1h78.25c15.1 0 30.75-10.87 33.37-26.62c3.25-19.1-12.12-37.37-31.62-37.37H191.1c-26.1 0-53.12 9.25-74.12 26.25l-46.5 37.74l-55.37-.0253c-8.748 0-15.1 7.275-15.1 16.02L.0001 496C.0001 504.8 7.251 512 15.1 512h346.1c22.03 0 43.92-7.187 61.7-20.28l135.1-99.51C577.5 379.1 581.3 354.1 568.2 336.3z\"><\/path><\/svg><\/div><\/div><div class=\"uagb-ifb-content\"><div class=\"uagb-ifb-title-wrap\"><h6 class=\"uagb-ifb-title\">100% de satisfaction<\/h6><\/div><p class=\"uagb-ifb-desc\">Ecouter une histoire, colorier, l&rsquo;apprentissage se fait sur un espace s\u00e9curis\u00e9, au rythme de l&rsquo;enfant, tout en s&rsquo;amusant<\/p><\/div><\/div>\n<\/div>\n<\/div><\/div>\n","protected":false},"excerpt":{"rendered":"<p>D\u00e9couvrez nos derniers articles Ce que nos clients pensent de nos livres<\/p>\n","protected":false},"author":1,"featured_media":0,"parent":0,"menu_order":0,"comment_status":"closed","ping_status":"closed","template":"","meta":{"_uag_custom_page_level_css":"","site-sidebar-layout":"no-sidebar","site-content-layout":"plain-container","ast-site-content-layout":"normal-width-container","site-content-style":"unboxed","site-sidebar-style":"unboxed","ast-global-header-display":"","ast-banner-title-visibility":"","ast-main-header-display":"","ast-hfb-above-header-display":"","ast-hfb-below-header-display":"","ast-hfb-mobile-header-display":"","site-post-title":"disabled","ast-breadcrumbs-content":"","ast-featured-img":"disabled","footer-sml-layout":"","theme-transparent-header-meta":"enabled","adv-header-id-meta":"","stick-header-meta":"","header-above-stick-meta":"","header-main-stick-meta":"","header-below-stick-meta":"","astra-migrate-meta-layouts":"set","ast-page-background-enabled":"default","ast-page-background-meta":{"desktop":{"background-color":"var(--ast-global-color-4)","background-image":"","background-repeat":"repeat","background-position":"center center","background-size":"auto","background-attachment":"scroll","background-type":"","background-media":"","overlay-type":"","overlay-color":"","overlay-opacity":"","overlay-gradient":""},"tablet":{"background-color":"","background-image":"","background-repeat":"repeat","background-position":"center center","background-size":"auto","background-attachment":"scroll","background-type":"","background-media":"","overlay-type":"","overlay-color":"","overlay-opacity":"","overlay-gradient":""},"mobile":{"background-color":"","background-image":"","background-repeat":"repeat","background-position":"center center","background-size":"auto","background-attachment":"scroll","background-type":"","background-media":"","overlay-type":"","overlay-color":"","overlay-opacity":"","overlay-gradient":""}},"ast-content-background-meta":{"desktop":{"background-color":"var(--ast-global-color-5)","background-image":"","background-repeat":"repeat","background-position":"center center","background-size":"auto","background-attachment":"scroll","background-type":"","background-media":"","overlay-type":"","overlay-color":"","overlay-opacity":"","overlay-gradient":""},"tablet":{"background-color":"var(--ast-global-color-5)","background-image":"","background-repeat":"repeat","background-position":"center center","background-size":"auto","background-attachment":"scroll","background-type":"","background-media":"","overlay-type":"","overlay-color":"","overlay-opacity":"","overlay-gradient":""},"mobile":{"background-color":"var(--ast-global-color-5)","background-image":"","background-repeat":"repeat","background-position":"center center","background-size":"auto","background-attachment":"scroll","background-type":"","background-media":"","overlay-type":"","overlay-color":"","overlay-opacity":"","overlay-gradient":""}},"footnotes":""},"class_list":["post-1008","page","type-page","status-publish","hentry"],"uagb_featured_image_src":{"full":false,"thumbnail":false,"medium":false,"medium_large":false,"large":false,"1536x1536":false,"2048x2048":false,"woocommerce_thumbnail":false,"woocommerce_single":false,"woocommerce_gallery_thumbnail":false},"uagb_author_info":{"display_name":"Audrey","author_link":"https:\/\/bilinguesdumonde.com\/index.php\/author\/admin1596\/"},"uagb_comment_info":0,"uagb_excerpt":"D\u00e9couvrez nos derniers articles Ce que nos clients pensent de nos livres","_links":{"self":[{"href":"https:\/\/bilinguesdumonde.com\/index.php\/wp-json\/wp\/v2\/pages\/1008","targetHints":{"allow":["GET"]}}],"collection":[{"href":"https:\/\/bilinguesdumonde.com\/index.php\/wp-json\/wp\/v2\/pages"}],"about":[{"href":"https:\/\/bilinguesdumonde.com\/index.php\/wp-json\/wp\/v2\/types\/page"}],"author":[{"embeddable":true,"href":"https:\/\/bilinguesdumonde.com\/index.php\/wp-json\/wp\/v2\/users\/1"}],"replies":[{"embeddable":true,"href":"https:\/\/bilinguesdumonde.com\/index.php\/wp-json\/wp\/v2\/comments?post=1008"}],"version-history":[{"count":37,"href":"https:\/\/bilinguesdumonde.com\/index.php\/wp-json\/wp\/v2\/pages\/1008\/revisions"}],"predecessor-version":[{"id":1542,"href":"https:\/\/bilinguesdumonde.com\/index.php\/wp-json\/wp\/v2\/pages\/1008\/revisions\/1542"}],"wp:attachment":[{"href":"https:\/\/bilinguesdumonde.com\/index.php\/wp-json\/wp\/v2\/media?parent=1008"}],"curies":[{"name":"wp","href":"https:\/\/api.w.org\/{rel}","templated":true}]}}